{"id":7,"date":"2024-03-08T09:29:00","date_gmt":"2024-03-08T09:29:00","guid":{"rendered":"https:\/\/www.sarapalvelut.fi\/?page_id=7"},"modified":"2026-04-19T17:22:30","modified_gmt":"2026-04-19T17:22:30","slug":"etusivu","status":"publish","type":"page","link":"http:\/\/www.sarapalvelut.fi\/","title":{"rendered":"Etusivu"},"content":{"rendered":"\n<div class=\"wp-block-cover alignfull is-light\" style=\"min-height:678px;aspect-ratio:unset;\"><img loading=\"lazy\" decoding=\"async\" width=\"2560\" height=\"1707\" class=\"wp-block-cover__image-background wp-image-27\" alt=\"\" src=\"http:\/\/www.sarapalvelut.fi\/wp-content\/uploads\/2024\/01\/DSC_0039-1-scaled.jpg\" data-object-fit=\"cover\" srcset=\"http:\/\/www.sarapalvelut.fi\/wp-content\/uploads\/2024\/01\/DSC_0039-1-scaled.jpg 2560w, http:\/\/www.sarapalvelut.fi\/wp-content\/uploads\/2024\/01\/DSC_0039-1-300x200.jpg 300w\" sizes=\"auto, (max-width: 2560px) 100vw, 2560px\" \/><span aria-hidden=\"true\" class=\"wp-block-cover__background has-background-dim-0 has-background-dim\"><\/span><div class=\"wp-block-cover__inner-container is-layout-flow wp-block-cover-is-layout-flow\">\n<div style=\"height:80px\" aria-hidden=\"true\" class=\"wp-block-spacer\"><\/div>\n\n\n\n<h1 class=\"wp-block-heading has-text-align-center has-text-color\" style=\"color:#121212\"><mark style=\"background-color:rgba(0, 0, 0, 0)\" class=\"has-inline-color has-nv-text-dark-bg-color\">SARA PALVELUT<\/mark><\/h1>\n\n\n\n<p class=\"has-text-align-center has-text-color\" style=\"color:#121212;font-size:17px\"><mark style=\"background-color:rgba(0, 0, 0, 0)\" class=\"has-inline-color has-nv-text-dark-bg-color\">Paikallisia ruoka- ja juhlapalveluja<\/mark><mark style=\"background-color:rgba(0, 0, 0, 0)\" class=\"has-inline-color has-nv-site-bg-color\"> suurella syd\u00e4mell\u00e4<\/mark><mark style=\"background-color:rgba(0, 0, 0, 0)\" class=\"has-inline-color has-nv-site-bg-color\">.<\/mark><\/p>\n\n\n\n<div class=\"wp-block-buttons is-content-justification-center is-layout-flex wp-container-core-buttons-is-layout-16018d1d wp-block-buttons-is-layout-flex\">\n<div class=\"wp-block-button is-style-primary\"><a class=\"wp-block-button__link wp-element-button\" href=\"http:\/\/www.sarapalvelut.fi\/wp-content\/uploads\/2026\/04\/Kopio-6vk-lounaslistat-Paivitetty-24.png\">Tutustu viikon lounaslistaan<\/a><\/div>\n<\/div>\n\n\n\n<div style=\"height:80px\" aria-hidden=\"true\" class=\"wp-block-spacer\"><\/div>\n<\/div><\/div>\n\n\n\n<div class=\"wp-block-cover alignfull is-light\" style=\"min-height:600px;aspect-ratio:unset;\"><span aria-hidden=\"true\" class=\"wp-block-cover__background has-nv-site-bg-background-color has-background-dim-100 has-background-dim\"><\/span><div class=\"wp-block-cover__inner-container is-layout-flow wp-block-cover-is-layout-flow\">\n<div class=\"wp-block-group\"><div class=\"wp-block-group__inner-container is-layout-flow wp-block-group-is-layout-flow\">\n<div style=\"height:80px\" aria-hidden=\"true\" class=\"wp-block-spacer\"><\/div>\n\n\n\n<div class=\"wp-block-columns are-vertically-aligned-center is-layout-flex wp-container-core-columns-is-layout-9d6595d7 wp-block-columns-is-layout-flex\">\n<div class=\"wp-block-column is-vertically-aligned-center is-layout-flow wp-block-column-is-layout-flow\" style=\"flex-basis:50%\">\n<h2 class=\"wp-block-heading has-text-align-left has-neve-text-color-color has-text-color\">Lounasravintola SARA<\/h2>\n\n\n\n<p class=\"has-text-align-left has-neve-text-color-color has-text-color\" style=\"font-size:17px\">Tarjoamme herkullisen lounaan ma-pe klo 11-13. <\/p>\n\n\n\n<p class=\"has-text-align-left has-neve-text-color-color has-text-color\" style=\"font-size:17px\">Viikonloppulounas ei ole katettuna linjastolle, mutta valmiin annoksen voi noutaa mukaan keitti\u00f6n ovelta klo 11-12.<\/p>\n\n\n\n<p>Meilt\u00e4 voit tilata my\u00f6s ihanat leivonnaiset kotiin juuri sinun tarpeidesi mukaan. Kakkuhinnastomme l\u00f6ytyy <a href=\"http:\/\/www.sarapalvelut.fi\/wp-content\/uploads\/2024\/09\/Kakkuhinnasto-PNG.png\" data-type=\"link\" data-id=\"http:\/\/www.sarapalvelut.fi\/wp-content\/uploads\/2024\/09\/Kakkuhinnasto-PNG.png\">t\u00e4st\u00e4<\/a>.<\/p>\n\n\n\n<p><a href=\"http:\/\/www.sarapalvelut.fi\/wp-content\/uploads\/2026\/04\/Kopio-6vk-lounaslistat-Paivitetty-24.png\">Kuluvan viikon lounaslista (20.4. &#8211; 26.4.)<\/a><\/p>\n\n\n\n<div class=\"wp-block-buttons is-content-justification-left is-layout-flex wp-container-core-buttons-is-layout-fdcfc74e wp-block-buttons-is-layout-flex\"><\/div>\n\n\n\n<div style=\"height:40px\" aria-hidden=\"true\" class=\"wp-block-spacer\"><\/div>\n<\/div>\n\n\n\n<div class=\"wp-block-column is-vertically-aligned-center is-layout-flow wp-block-column-is-layout-flow\" style=\"flex-basis:50%\">\n<figure class=\"wp-block-image size-full is-resized\"><img loading=\"lazy\" decoding=\"async\" width=\"1920\" height=\"1971\" src=\"http:\/\/www.sarapalvelut.fi\/wp-content\/uploads\/2024\/01\/IMG_3147-scaled-e1705490582783.jpg\" alt=\"\" class=\"wp-image-25\" style=\"width:473px;height:auto\" srcset=\"http:\/\/www.sarapalvelut.fi\/wp-content\/uploads\/2024\/01\/IMG_3147-scaled-e1705490582783.jpg 1920w, http:\/\/www.sarapalvelut.fi\/wp-content\/uploads\/2024\/01\/IMG_3147-scaled-e1705490582783-292x300.jpg 292w, http:\/\/www.sarapalvelut.fi\/wp-content\/uploads\/2024\/01\/IMG_3147-scaled-e1705490582783-768x788.jpg 768w, http:\/\/www.sarapalvelut.fi\/wp-content\/uploads\/2024\/01\/IMG_3147-scaled-e1705490582783-998x1024.jpg 998w, http:\/\/www.sarapalvelut.fi\/wp-content\/uploads\/2024\/01\/IMG_3147-scaled-e1705490582783-1496x1536.jpg 1496w\" sizes=\"auto, (max-width: 1920px) 100vw, 1920px\" \/><\/figure>\n<\/div>\n<\/div>\n\n\n\n<div style=\"height:40px\" aria-hidden=\"true\" class=\"wp-block-spacer\"><\/div>\n<\/div><\/div>\n<\/div><\/div>\n\n\n\n<div class=\"wp-block-cover alignfull is-light\" style=\"min-height:600px;aspect-ratio:unset;\"><span aria-hidden=\"true\" class=\"wp-block-cover__background has-nv-light-bg-background-color has-background-dim-100 has-background-dim\"><\/span><div class=\"wp-block-cover__inner-container is-layout-flow wp-block-cover-is-layout-flow\">\n<div class=\"wp-block-group\"><div class=\"wp-block-group__inner-container is-layout-flow wp-block-group-is-layout-flow\">\n<div style=\"height:63px\" aria-hidden=\"true\" class=\"wp-block-spacer\"><\/div>\n\n\n\n<div class=\"wp-block-columns are-vertically-aligned-center is-layout-flex wp-container-core-columns-is-layout-9d6595d7 wp-block-columns-is-layout-flex\">\n<div class=\"wp-block-column is-vertically-aligned-center is-layout-flow wp-block-column-is-layout-flow\" style=\"flex-basis:50%\"><div class=\"wp-block-image\">\n<figure class=\"aligncenter size-full is-resized\"><img decoding=\"async\" src=\"http:\/\/www.sarapalvelut.fi\/wp-content\/uploads\/2024\/01\/DSC_0046.jpg\" alt=\"\" class=\"wp-image-54\" style=\"width:351px;height:auto\"\/><\/figure>\n<\/div><\/div>\n\n\n\n<div class=\"wp-block-column is-vertically-aligned-center is-layout-flow wp-block-column-is-layout-flow\" style=\"flex-basis:50%\">\n<div style=\"height:20px\" aria-hidden=\"true\" class=\"wp-block-spacer\"><\/div>\n\n\n\n<h2 class=\"wp-block-heading has-text-align-left has-neve-text-color-color has-text-color\">Kokous- ja juhlapalvelu<\/h2>\n\n\n\n<p class=\"has-text-align-left has-neve-text-color-color has-text-color\" style=\"font-size:17px\">J\u00e4rjest\u00e4 meill\u00e4 juhla, kokous tai muistotilaisuus. Tarjoamme vuokrattavia tiloja sek\u00e4 pitopalvelun tarjoiluineen.<\/p>\n\n\n\n<div class=\"wp-block-buttons is-content-justification-left is-layout-flex wp-container-core-buttons-is-layout-fdcfc74e wp-block-buttons-is-layout-flex\"><\/div>\n<\/div>\n<\/div>\n\n\n\n<div style=\"height:40px\" aria-hidden=\"true\" class=\"wp-block-spacer\"><\/div>\n<\/div><\/div>\n<\/div><\/div>\n\n\n\n<div style=\"height:26px\" aria-hidden=\"true\" class=\"wp-block-spacer\"><\/div>\n\n\n\n<div class=\"wp-block-cover alignfull\"><span aria-hidden=\"true\" class=\"wp-block-cover__background has-nv-site-bg-background-color has-background-dim-100 has-background-dim\"><\/span><div class=\"wp-block-cover__inner-container is-layout-constrained wp-block-cover-is-layout-constrained\">\n<div class=\"wp-block-media-text has-media-on-the-right is-stacked-on-mobile\" style=\"grid-template-columns:auto 52%\"><div class=\"wp-block-media-text__content\">\n<h2 class=\"wp-block-heading\"><mark style=\"background-color:rgba(0, 0, 0, 0)\" class=\"has-inline-color has-neve-text-color-color\">SARA palvelut<\/mark><\/h2>\n\n\n\n<p><mark style=\"background-color:rgba(0, 0, 0, 0)\" class=\"has-inline-color has-neve-text-color-color\">Meilt\u00e4 vuokraat helposti juhlaasi muun muassa p\u00f6yt\u00e4liinat ja astiat.<\/mark><\/p>\n\n\n\n<div class=\"wp-block-buttons is-layout-flex wp-block-buttons-is-layout-flex\"><\/div>\n<\/div><figure class=\"wp-block-media-text__media\"><img decoding=\"async\" src=\"http:\/\/www.sarapalvelut.fi\/wp-content\/uploads\/2024\/02\/DSC_0022-scaled.jpg\" alt=\"\" class=\"wp-image-106 size-full\"\/><\/figure><\/div>\n<\/div><\/div>\n\n\n\n<div class=\"wp-block-cover alignfull is-light\" style=\"min-height:600px;aspect-ratio:unset;\"><span aria-hidden=\"true\" class=\"wp-block-cover__background has-nv-dark-bg-background-color has-background-dim-100 has-background-dim\"><\/span><div class=\"wp-block-cover__inner-container is-layout-flow wp-block-cover-is-layout-flow\">\n<div class=\"wp-block-group\"><div class=\"wp-block-group__inner-container is-layout-flow wp-block-group-is-layout-flow\">\n<div style=\"height:37px\" aria-hidden=\"true\" class=\"wp-block-spacer\"><\/div>\n\n\n\n<div class=\"wp-block-columns are-vertically-aligned-center is-layout-flex wp-container-core-columns-is-layout-9d6595d7 wp-block-columns-is-layout-flex\">\n<div class=\"wp-block-column is-vertically-aligned-center is-layout-flow wp-block-column-is-layout-flow\" style=\"flex-basis:50%\">\n<figure class=\"wp-block-image size-full is-resized\"><img loading=\"lazy\" decoding=\"async\" width=\"2560\" height=\"1707\" src=\"http:\/\/www.sarapalvelut.fi\/wp-content\/uploads\/2024\/01\/DSC_0008-scaled.jpg\" alt=\"\" class=\"wp-image-64\" style=\"width:553px;height:auto\" srcset=\"http:\/\/www.sarapalvelut.fi\/wp-content\/uploads\/2024\/01\/DSC_0008-scaled.jpg 2560w, http:\/\/www.sarapalvelut.fi\/wp-content\/uploads\/2024\/01\/DSC_0008-300x200.jpg 300w\" sizes=\"auto, (max-width: 2560px) 100vw, 2560px\" \/><\/figure>\n<\/div>\n\n\n\n<div class=\"wp-block-column is-vertically-aligned-center is-layout-flow wp-block-column-is-layout-flow\" style=\"flex-basis:50%\">\n<div style=\"height:40px\" aria-hidden=\"true\" class=\"wp-block-spacer\"><\/div>\n\n\n\n<h2 class=\"wp-block-heading has-text-align-left has-nv-text-dark-bg-color has-text-color\">Meist\u00e4<\/h2>\n\n\n\n<p class=\"has-text-align-left has-nv-text-dark-bg-color has-text-color\" style=\"font-size:17px\">SARA palvelut on Laukaan Sarahovi Oy:n palvelukonsepti, johon kuuluvat lounasravintola, kokous- ja juhlapalvelu sek\u00e4 muun muassa astiavuokraus. Toimimme osana Laukaan Asumispalvelus\u00e4\u00e4ti\u00f6t\u00e4 Sarahovin kiinteist\u00f6ss\u00e4, jossa on tarjottu ateriapalveluita jo vuosikymmenten ajan.<\/p>\n\n\n\n<div class=\"wp-block-buttons is-content-justification-left is-layout-flex wp-container-core-buttons-is-layout-fdcfc74e wp-block-buttons-is-layout-flex\"><\/div>\n<\/div>\n<\/div>\n\n\n\n<div style=\"height:40px\" aria-hidden=\"true\" class=\"wp-block-spacer\"><\/div>\n<\/div><\/div>\n<\/div><\/div>\n\n\n\n<div style=\"height:49px\" aria-hidden=\"true\" class=\"wp-block-spacer\"><\/div>\n\n\n\n<div class=\"wp-block-cover alignfull\" style=\"min-height:437px;aspect-ratio:unset;\"><img decoding=\"async\" class=\"wp-block-cover__image-background wp-image-25\" alt=\"\" src=\"http:\/\/www.sarapalvelut.fi\/wp-content\/uploads\/2024\/01\/IMG_3147-scaled.jpg\" data-object-fit=\"cover\"\/><span aria-hidden=\"true\" class=\"wp-block-cover__background has-nv-dark-bg-background-color has-background-dim\"><\/span><div class=\"wp-block-cover__inner-container is-layout-flow wp-block-cover-is-layout-flow\">\n<h2 class=\"wp-block-heading has-text-align-center has-nv-text-dark-bg-color has-text-color\">Palvelua tarpeidesi mukaan<\/h2>\n\n\n\n<p class=\"has-text-align-center has-medium-font-size\"><mark style=\"background-color:rgba(0, 0, 0, 0)\" class=\"has-inline-color has-nv-text-dark-bg-color\">Tarjoamme yksil\u00f6llisesti juuri sinun tarpeidesi mukaista palvelua. Ole meihin rohkeasti yhteydess\u00e4 niin suunnitellaan juuri sinulle sopiva kokonaisuus.<\/mark><\/p>\n\n\n\n<h4 class=\"wp-block-heading has-text-align-center\">Toimitusjohtaja Pirkko H\u00e4m\u00e4l\u00e4inen<\/h4>\n\n\n\n<p class=\"has-text-align-center\"><mark style=\"background-color:rgba(0, 0, 0, 0)\" class=\"has-inline-color has-nv-text-dark-bg-color\">puh. 040 660 8897   sposti: pirkko.hamalainen@sarapalvelut.fi<\/mark><\/p>\n\n\n\n<p class=\"has-text-align-center\"><mark style=\"background-color:rgba(0, 0, 0, 0)\" class=\"has-inline-color has-nv-text-dark-bg-color\">L\u00f6yd\u00e4t kaikki yhteystiedot Meist\u00e4- v\u00e4lilehdelt\u00e4<\/mark><\/p>\n<\/div><\/div>\n\n\n\n<p><\/p>\n","protected":false},"excerpt":{"rendered":"","protected":false},"author":1,"featured_media":0,"parent":0,"menu_order":0,"comment_status":"closed","ping_status":"closed","template":"","meta":{"neve_meta_sidebar":"","neve_meta_container":"","neve_meta_enable_content_width":"on","neve_meta_content_width":100,"neve_meta_title_alignment":"","neve_meta_author_avatar":"","neve_post_elements_order":"","neve_meta_disable_header":"","neve_meta_disable_footer":"","neve_meta_disable_title":"on","footnotes":""},"class_list":["post-7","page","type-page","status-publish","hentry"],"_links":{"self":[{"href":"http:\/\/www.sarapalvelut.fi\/index.php\/wp-json\/wp\/v2\/pages\/7","targetHints":{"allow":["GET"]}}],"collection":[{"href":"http:\/\/www.sarapalvelut.fi\/index.php\/wp-json\/wp\/v2\/pages"}],"about":[{"href":"http:\/\/www.sarapalvelut.fi\/index.php\/wp-json\/wp\/v2\/types\/page"}],"author":[{"embeddable":true,"href":"http:\/\/www.sarapalvelut.fi\/index.php\/wp-json\/wp\/v2\/users\/1"}],"replies":[{"embeddable":true,"href":"http:\/\/www.sarapalvelut.fi\/index.php\/wp-json\/wp\/v2\/comments?post=7"}],"version-history":[{"count":215,"href":"http:\/\/www.sarapalvelut.fi\/index.php\/wp-json\/wp\/v2\/pages\/7\/revisions"}],"predecessor-version":[{"id":820,"href":"http:\/\/www.sarapalvelut.fi\/index.php\/wp-json\/wp\/v2\/pages\/7\/revisions\/820"}],"wp:attachment":[{"href":"http:\/\/www.sarapalvelut.fi\/index.php\/wp-json\/wp\/v2\/media?parent=7"}],"curies":[{"name":"wp","href":"https:\/\/api.w.org\/{rel}","templated":true}]}}